{"id":1350,"date":"2020-04-01T21:36:03","date_gmt":"2020-04-01T19:36:03","guid":{"rendered":"https:\/\/microscope-dentist.com\/fr\/?page_id=1350"},"modified":"2020-05-19T17:46:49","modified_gmt":"2020-05-19T15:46:49","slug":"blog","status":"publish","type":"page","link":"https:\/\/microscope-dentist.com\/fr\/blog\/","title":{"rendered":"Blog"},"content":{"rendered":"<p>[et_pb_section fb_built=\u00a0\u00bb1&Prime; fullwidth=\u00a0\u00bbon\u00a0\u00bb admin_label=\u00a0\u00bbHero Section\u00a0\u00bb _builder_version=\u00a0\u00bb3.22&Prime; collapsed=\u00a0\u00bboff\u00a0\u00bb][et_pb_fullwidth_menu menu_id=\u00a0\u00bb8&Prime; menu_style=\u00a0\u00bbcentered\u00a0\u00bb fullwidth_menu=\u00a0\u00bbon\u00a0\u00bb active_link_color=\u00a0\u00bb#e09900&Prime; logo=\u00a0\u00bbhttps:\/\/microscope-dentist.com\/fr\/wp-content\/uploads\/sites\/4\/logo-texte-1.png\u00a0\u00bb logo_url=\u00a0\u00bbhttps:\/\/microscope-dentist.com\/fr\u00a0\u00bb logo_max_width=\u00a0\u00bb33%\u00a0\u00bb logo_max_height=\u00a0\u00bb200px\u00a0\u00bb _builder_version=\u00a0\u00bb4.4.1&Prime; positioning=\u00a0\u00bbrelative\u00a0\u00bb vertical_offset=\u00a0\u00bb-16px\u00a0\u00bb module_alignment=\u00a0\u00bbcenter\u00a0\u00bb min_height=\u00a0\u00bb100px\u00a0\u00bb height=\u00a0\u00bb145px\u00a0\u00bb max_height=\u00a0\u00bb156px\u00a0\u00bb link_option_url=\u00a0\u00bbhttps:\/\/microscope-dentist.com\/fr\u00a0\u00bb hover_enabled=\u00a0\u00bb0&Prime; menu_text_color=\u00a0\u00bb#e09900&Prime; menu_font=\u00a0\u00bb|700||on|||||\u00a0\u00bb][\/et_pb_fullwidth_menu][et_pb_fullwidth_header title=\u00a0\u00bbBlog\u00a0\u00bb subhead=\u00a0\u00bbDerni\u00e8res nouvelles\u00a0\u00bb background_overlay_color=\u00a0\u00bbrgba(0,0,0,0.8)\u00a0\u00bb content_max_width=\u00a0\u00bb550px\u00a0\u00bb _builder_version=\u00a0\u00bb4.4.1&Prime; title_font=\u00a0\u00bbPoppins|700||on|||||\u00a0\u00bb title_text_color=\u00a0\u00bb#edbb5f\u00a0\u00bb title_font_size=\u00a0\u00bb14px\u00a0\u00bb title_letter_spacing=\u00a0\u00bb2px\u00a0\u00bb title_line_height=\u00a0\u00bb1.4em\u00a0\u00bb content_font=\u00a0\u00bbPoppins||||||||\u00a0\u00bb content_font_size=\u00a0\u00bb16px\u00a0\u00bb content_letter_spacing=\u00a0\u00bb1px\u00a0\u00bb content_line_height=\u00a0\u00bb2em\u00a0\u00bb subhead_font=\u00a0\u00bbPlayfair Display|700||on|||||\u00a0\u00bb subhead_font_size=\u00a0\u00bb48px\u00a0\u00bb subhead_letter_spacing=\u00a0\u00bb3px\u00a0\u00bb subhead_line_height=\u00a0\u00bb1.4em\u00a0\u00bb background_color=\u00a0\u00bbrgba(255, 255, 255, 0)\u00a0\u00bb background_image=\u00a0\u00bbhttps:\/\/microscope-dentist.com\/fr\/wp-content\/uploads\/sites\/4\/photo-2-min-scaled-1.jpg\u00a0\u00bb parallax=\u00a0\u00bbon\u00a0\u00bb parallax_method=\u00a0\u00bbon\u00a0\u00bb custom_button_one=\u00a0\u00bbon\u00a0\u00bb button_one_border_width=\u00a0\u00bb1px\u00a0\u00bb button_one_border_color=\u00a0\u00bbrgba(255,255,255,0.3)\u00a0\u00bb button_one_border_radius=\u00a0\u00bb0px\u00a0\u00bb button_one_letter_spacing=\u00a0\u00bb1px\u00a0\u00bb button_one_font=\u00a0\u00bbSaira Extra Condensed|600||on|||||\u00a0\u00bb button_one_icon=\u00a0\u00bb%%3%%\u00a0\u00bb button_one_icon_color=\u00a0\u00bb#edbb5f\u00a0\u00bb custom_button_two=\u00a0\u00bbon\u00a0\u00bb button_two_border_width=\u00a0\u00bb1px\u00a0\u00bb button_two_border_color=\u00a0\u00bbrgba(255,255,255,0.3)\u00a0\u00bb button_two_border_radius=\u00a0\u00bb0px\u00a0\u00bb button_two_letter_spacing=\u00a0\u00bb1px\u00a0\u00bb button_two_font=\u00a0\u00bbSaira Extra Condensed|600||on|||||\u00a0\u00bb button_two_icon=\u00a0\u00bb%%3%%\u00a0\u00bb button_two_icon_color=\u00a0\u00bb#edbb5f\u00a0\u00bb module_alignment=\u00a0\u00bbright\u00a0\u00bb custom_margin=\u00a0\u00bb|||\u00a0\u00bb custom_padding=\u00a0\u00bb8%||250px|\u00a0\u00bb hover_enabled=\u00a0\u00bb0&Prime; button_one_text_color_hover=\u00a0\u00bb#edbb5f\u00a0\u00bb button_two_text_color_hover=\u00a0\u00bb#edbb5f\u00a0\u00bb button_one_bg_color_hover=\u00a0\u00bbrgba(0,0,0,0)\u00a0\u00bb button_two_bg_color_hover=\u00a0\u00bbrgba(0,0,0,0)\u00a0\u00bb button_one_text_size__hover_enabled=\u00a0\u00bboff\u00a0\u00bb button_two_text_size__hover_enabled=\u00a0\u00bboff\u00a0\u00bb button_one_text_color__hover_enabled=\u00a0\u00bbon\u00a0\u00bb button_one_text_color__hover=\u00a0\u00bb#edbb5f\u00a0\u00bb button_two_text_color__hover_enabled=\u00a0\u00bbon\u00a0\u00bb button_two_text_color__hover=\u00a0\u00bb#edbb5f\u00a0\u00bb button_one_border_width__hover_enabled=\u00a0\u00bboff\u00a0\u00bb button_two_border_width__hover_enabled=\u00a0\u00bboff\u00a0\u00bb button_one_border_color__hover_enabled=\u00a0\u00bboff\u00a0\u00bb button_two_border_color__hover_enabled=\u00a0\u00bboff\u00a0\u00bb button_one_border_radius__hover_enabled=\u00a0\u00bboff\u00a0\u00bb button_two_border_radius__hover_enabled=\u00a0\u00bboff\u00a0\u00bb button_one_letter_spacing__hover_enabled=\u00a0\u00bboff\u00a0\u00bb button_two_letter_spacing__hover_enabled=\u00a0\u00bboff\u00a0\u00bb button_one_bg_color__hover_enabled=\u00a0\u00bbon\u00a0\u00bb button_one_bg_color__hover=\u00a0\u00bbrgba(0,0,0,0)\u00a0\u00bb button_two_bg_color__hover_enabled=\u00a0\u00bbon\u00a0\u00bb button_two_bg_color__hover=\u00a0\u00bbrgba(0,0,0,0)\u00a0\u00bb]<\/p>\n<p>Le microscope dentaire aidera \u00e0 agrandir l&rsquo;image de 2 \u00e0 40 fois, montrer l&rsquo;image 3D. La cam\u00e9ra est mont\u00e9e dans l&rsquo;appareil. Elle alimente l&rsquo;image sur l&rsquo;ordinateur, ce qui permet: de prendre des photos interm\u00e9diaires, de recevoir des conseils de coll\u00e8gues dans le processus de travail, de former des stagiaires. Lorsque vous utilisez un microscope, le dos, le cou, les yeux et les mains du dentiste sont moins fatigu\u00e9s. C&rsquo;est aussi un avantage consid\u00e9rable.<\/p>\n<p>[\/et_pb_fullwidth_header][\/et_pb_section][et_pb_section fb_built=\u00a0\u00bb1&Prime; admin_label=\u00a0\u00bbBlog\u00a0\u00bb _builder_version=\u00a0\u00bb3.22&Prime; custom_padding=\u00a0\u00bb100px|0px|100px|0px\u00a0\u00bb collapsed=\u00a0\u00bbon\u00a0\u00bb][et_pb_row column_structure=\u00a0\u00bb2_3,1_3&Prime; _builder_version=\u00a0\u00bb3.25&Prime; max_width=\u00a0\u00bb1440px\u00a0\u00bb use_custom_width=\u00a0\u00bbon\u00a0\u00bb custom_width_px=\u00a0\u00bb1440px\u00a0\u00bb][et_pb_column type=\u00a0\u00bb2_3&Prime; _builder_version=\u00a0\u00bb3.25&Prime; custom_padding=\u00a0\u00bb|||\u00a0\u00bb custom_padding__hover=\u00a0\u00bb|||\u00a0\u00bb][et_pb_blog fullwidth=\u00a0\u00bboff\u00a0\u00bb posts_number=\u00a0\u00bb6&Prime; show_author=\u00a0\u00bboff\u00a0\u00bb _builder_version=\u00a0\u00bb4.4.1&Prime; header_font=\u00a0\u00bbPlayfair Display|700|||||||\u00a0\u00bb header_font_size=\u00a0\u00bb22px\u00a0\u00bb header_line_height=\u00a0\u00bb1.4em\u00a0\u00bb body_font=\u00a0\u00bbPoppins||||||||\u00a0\u00bb body_font_size=\u00a0\u00bb16px\u00a0\u00bb body_line_height=\u00a0\u00bb2em\u00a0\u00bb meta_font=\u00a0\u00bbPoppins|600||on|||||\u00a0\u00bb meta_text_color=\u00a0\u00bb#edbb5f\u00a0\u00bb meta_font_size=\u00a0\u00bb12px\u00a0\u00bb meta_letter_spacing=\u00a0\u00bb1px\u00a0\u00bb meta_line_height=\u00a0\u00bb2em\u00a0\u00bb pagination_font=\u00a0\u00bbPoppins|600||on|||||\u00a0\u00bb pagination_text_color=\u00a0\u00bb#edbb5f\u00a0\u00bb pagination_font_size=\u00a0\u00bb16px\u00a0\u00bb pagination_letter_spacing=\u00a0\u00bb1px\u00a0\u00bb pagination_line_height=\u00a0\u00bb2em\u00a0\u00bb text_orientation=\u00a0\u00bbcenter\u00a0\u00bb custom_margin=\u00a0\u00bb-200px|||\u00a0\u00bb custom_padding=\u00a0\u00bb|||\u00a0\u00bb custom_padding_phone=\u00a0\u00bb|40px||40px\u00a0\u00bb custom_padding_last_edited=\u00a0\u00bboff|desktop\u00a0\u00bb animation_style=\u00a0\u00bbslide\u00a0\u00bb animation_direction=\u00a0\u00bbbottom\u00a0\u00bb animation_intensity_slide=\u00a0\u00bb3%\u00a0\u00bb animation_starting_opacity=\u00a0\u00bb100%\u00a0\u00bb link_option_url=\u00a0\u00bbhttps:\/\/microscope-dentist.com\/fr\/2018\/06\/27\/microscope\/\u00a0\u00bb hover_enabled=\u00a0\u00bb0&Prime; border_width_all=\u00a0\u00bb0px\u00a0\u00bb box_shadow_style=\u00a0\u00bbpreset3&Prime; box_shadow_vertical=\u00a0\u00bb15px\u00a0\u00bb box_shadow_blur=\u00a0\u00bb80px\u00a0\u00bb box_shadow_color=\u00a0\u00bbrgba(0,0,0,0.2)\u00a0\u00bb][\/et_pb_blog][\/et_pb_column][et_pb_column type=\u00a0\u00bb1_3&Prime; _builder_version=\u00a0\u00bb3.25&Prime; custom_padding=\u00a0\u00bb|||\u00a0\u00bb custom_padding__hover=\u00a0\u00bb|||\u00a0\u00bb][et_pb_sidebar _builder_version=\u00a0\u00bb3.0.99&Prime; header_font=\u00a0\u00bbPoppins|600||on|||||\u00a0\u00bb header_font_size=\u00a0\u00bb14px\u00a0\u00bb header_letter_spacing=\u00a0\u00bb1px\u00a0\u00bb header_line_height=\u00a0\u00bb1.8em\u00a0\u00bb body_font=\u00a0\u00bbPoppins||||||||\u00a0\u00bb body_line_height=\u00a0\u00bb2em\u00a0\u00bb custom_padding=\u00a0\u00bb|||\u00a0\u00bb custom_padding_tablet=\u00a0\u00bb|||0px\u00a0\u00bb custom_padding_last_edited=\u00a0\u00bboff|desktop\u00a0\u00bb border_style_all=\u00a0\u00bbnone\u00a0\u00bb][\/et_pb_sidebar][\/et_pb_column][\/et_pb_row][\/et_pb_section][et_pb_section fb_built=\u00a0\u00bb1&Prime; admin_label=\u00a0\u00bbSubscribe\u00a0\u00bb _builder_version=\u00a0\u00bb3.22&Prime; background_color=\u00a0\u00bb#282828&Prime; custom_margin=\u00a0\u00bb100px||100px|\u00a0\u00bb custom_padding=\u00a0\u00bb0px|0px|0px|0px\u00a0\u00bb collapsed=\u00a0\u00bbon\u00a0\u00bb][et_pb_row column_structure=\u00a0\u00bb1_4,1_2,1_4&Prime; _builder_version=\u00a0\u00bb3.25&Prime; custom_margin=\u00a0\u00bb|||\u00a0\u00bb custom_padding=\u00a0\u00bb0px|0px|0px|0px\u00a0\u00bb][et_pb_column type=\u00a0\u00bb1_4&Prime; _builder_version=\u00a0\u00bb3.25&Prime; custom_padding=\u00a0\u00bb|||\u00a0\u00bb custom_padding__hover=\u00a0\u00bb|||\u00a0\u00bb][\/et_pb_column][et_pb_column type=\u00a0\u00bb1_2&Prime; _builder_version=\u00a0\u00bb3.25&Prime; custom_padding=\u00a0\u00bb|||\u00a0\u00bb custom_padding__hover=\u00a0\u00bb|||\u00a0\u00bb][et_pb_signup mailchimp_list=\u00a0\u00bbSlavaET|03dac884f0&Prime; name_field=\u00a0\u00bbon\u00a0\u00bb title=\u00a0\u00bbRejoignez notre newsletter\u00a0\u00bb button_text=\u00a0\u00bbAbonnez-vous\u00a0\u00bb description=\u00a0\u00bb<\/p>\n<div>Abonnez-vous pour rester \u00e0 jour<\/div>\n<div>avec les derni\u00e8res tendances dans<\/div>\n<div>le monde de la technologie m\u00e9dicale<\/div>\n<div>et de l&rsquo;innovation dentaire<\/div>\n<p>\u00a0\u00bb use_spam_service=\u00a0\u00bbon\u00a0\u00bb recaptcha_list=\u00a0\u00bbMicroscope Dentist|Microscope Dentist-0&Prime; _builder_version=\u00a0\u00bb4.4.1&Prime; form_field_text_color=\u00a0\u00bbrgba(0,0,0,0.7)\u00a0\u00bb header_font=\u00a0\u00bbPlayfair Display|700||on|||||\u00a0\u00bb header_font_size=\u00a0\u00bb38px\u00a0\u00bb header_line_height=\u00a0\u00bb1.4em\u00a0\u00bb body_font=\u00a0\u00bbPoppins||||||||\u00a0\u00bb body_font_size=\u00a0\u00bb16px\u00a0\u00bb body_line_height=\u00a0\u00bb2em\u00a0\u00bb result_message_font=\u00a0\u00bb||||||||\u00a0\u00bb background_color=\u00a0\u00bb#ffffff\u00a0\u00bb custom_button=\u00a0\u00bbon\u00a0\u00bb button_text_color=\u00a0\u00bb#ffffff\u00a0\u00bb button_bg_color=\u00a0\u00bb#edbb5f\u00a0\u00bb button_border_width=\u00a0\u00bb0px\u00a0\u00bb button_border_radius=\u00a0\u00bb0px\u00a0\u00bb button_letter_spacing=\u00a0\u00bb1px\u00a0\u00bb button_font=\u00a0\u00bbSaira Extra Condensed|600||on|||||\u00a0\u00bb button_icon=\u00a0\u00bb%%3%%\u00a0\u00bb text_orientation=\u00a0\u00bbcenter\u00a0\u00bb background_layout=\u00a0\u00bblight\u00a0\u00bb custom_margin=\u00a0\u00bb-60px||-60px|\u00a0\u00bb custom_padding=\u00a0\u00bb60px|60px|60px|60px\u00a0\u00bb custom_padding_tablet=\u00a0\u00bb\u00a0\u00bb custom_padding_phone=\u00a0\u00bb|40px||40px\u00a0\u00bb custom_padding_last_edited=\u00a0\u00bbon|desktop\u00a0\u00bb animation_style=\u00a0\u00bbslide\u00a0\u00bb animation_direction=\u00a0\u00bbleft\u00a0\u00bb border_color_all_fields=\u00a0\u00bb#dfdfe3&Prime; border_width_bottom_fields=\u00a0\u00bb1px\u00a0\u00bb box_shadow_style=\u00a0\u00bbpreset3&Prime; box_shadow_vertical=\u00a0\u00bb15px\u00a0\u00bb box_shadow_blur=\u00a0\u00bb80px\u00a0\u00bb box_shadow_color=\u00a0\u00bbrgba(0,0,0,0.2)\u00a0\u00bb button_letter_spacing_hover=\u00a0\u00bb1px\u00a0\u00bb locked=\u00a0\u00bboff\u00a0\u00bb button_text_size__hover_enabled=\u00a0\u00bboff\u00a0\u00bb button_one_text_size__hover_enabled=\u00a0\u00bboff\u00a0\u00bb button_two_text_size__hover_enabled=\u00a0\u00bboff\u00a0\u00bb button_text_color__hover_enabled=\u00a0\u00bboff\u00a0\u00bb button_one_text_color__hover_enabled=\u00a0\u00bboff\u00a0\u00bb button_two_text_color__hover_enabled=\u00a0\u00bboff\u00a0\u00bb button_border_width__hover_enabled=\u00a0\u00bboff\u00a0\u00bb button_one_border_width__hover_enabled=\u00a0\u00bboff\u00a0\u00bb button_two_border_width__hover_enabled=\u00a0\u00bboff\u00a0\u00bb button_border_color__hover_enabled=\u00a0\u00bboff\u00a0\u00bb button_one_border_color__hover_enabled=\u00a0\u00bboff\u00a0\u00bb button_two_border_color__hover_enabled=\u00a0\u00bboff\u00a0\u00bb button_border_radius__hover_enabled=\u00a0\u00bboff\u00a0\u00bb button_one_border_radius__hover_enabled=\u00a0\u00bboff\u00a0\u00bb button_two_border_radius__hover_enabled=\u00a0\u00bboff\u00a0\u00bb button_letter_spacing__hover_enabled=\u00a0\u00bbon\u00a0\u00bb button_letter_spacing__hover=\u00a0\u00bb1px\u00a0\u00bb button_one_letter_spacing__hover_enabled=\u00a0\u00bboff\u00a0\u00bb button_two_letter_spacing__hover_enabled=\u00a0\u00bboff\u00a0\u00bb button_bg_color__hover_enabled=\u00a0\u00bboff\u00a0\u00bb button_one_bg_color__hover_enabled=\u00a0\u00bboff\u00a0\u00bb button_two_bg_color__hover_enabled=\u00a0\u00bboff\u00a0\u00bb]<\/p>\n<p>Curabitur non nulla sit amet nisl tempus convalli quis ac lectus. Nulla quis lorem ut libero<\/p>\n<p>[\/et_pb_signup][\/et_pb_column][et_pb_column type=\u00a0\u00bb1_4&Prime; _builder_version=\u00a0\u00bb3.25&Prime; custom_padding=\u00a0\u00bb|||\u00a0\u00bb custom_padding__hover=\u00a0\u00bb|||\u00a0\u00bb][\/et_pb_column][\/et_pb_row][\/et_pb_section][et_pb_section fb_built=\u00a0\u00bb1&Prime; admin_label=\u00a0\u00bbSocial Follow\u00a0\u00bb _builder_version=\u00a0\u00bb3.22&Prime; custom_padding=\u00a0\u00bb|0px|100px|0px\u00a0\u00bb collapsed=\u00a0\u00bbon\u00a0\u00bb][et_pb_row _builder_version=\u00a0\u00bb3.25&Prime; collapsed=\u00a0\u00bbon\u00a0\u00bb][et_pb_column type=\u00a0\u00bb4_4&Prime; _builder_version=\u00a0\u00bb3.25&Prime; custom_padding=\u00a0\u00bb|||\u00a0\u00bb custom_padding__hover=\u00a0\u00bb|||\u00a0\u00bb][et_pb_social_media_follow _builder_version=\u00a0\u00bb4.4.1&Prime; text_orientation=\u00a0\u00bbcenter\u00a0\u00bb locked=\u00a0\u00bboff\u00a0\u00bb][et_pb_social_media_follow_network social_network=\u00a0\u00bbfacebook\u00a0\u00bb _builder_version=\u00a0\u00bb4.4.1&Prime; background_color=\u00a0\u00bb#2f2f2f\u00a0\u00bb custom_margin=\u00a0\u00bb|||\u00a0\u00bb custom_padding=\u00a0\u00bb8px|8px|8px|8px\u00a0\u00bb border_radii=\u00a0\u00bbon||||\u00a0\u00bb follow_button=\u00a0\u00bboff\u00a0\u00bb url_new_window=\u00a0\u00bbon\u00a0\u00bb]facebook[\/et_pb_social_media_follow_network][et_pb_social_media_follow_network social_network=\u00a0\u00bblinkedin\u00a0\u00bb _builder_version=\u00a0\u00bb4.4.1&Prime; background_color=\u00a0\u00bb#2f2f2f\u00a0\u00bb custom_margin=\u00a0\u00bb|||\u00a0\u00bb custom_padding=\u00a0\u00bb8px|8px|8px|8px\u00a0\u00bb border_radii=\u00a0\u00bbon||||\u00a0\u00bb follow_button=\u00a0\u00bboff\u00a0\u00bb url_new_window=\u00a0\u00bbon\u00a0\u00bb]linkedin[\/et_pb_social_media_follow_network][et_pb_social_media_follow_network social_network=\u00a0\u00bbyoutube\u00a0\u00bb _builder_version=\u00a0\u00bb3.0.99&Prime; background_color=\u00a0\u00bb#2f2f2f\u00a0\u00bb custom_margin=\u00a0\u00bb|||\u00a0\u00bb custom_padding=\u00a0\u00bb8px|8px|8px|8px\u00a0\u00bb border_radii=\u00a0\u00bbon||||\u00a0\u00bb follow_button=\u00a0\u00bboff\u00a0\u00bb url_new_window=\u00a0\u00bbon\u00a0\u00bb]youtube[\/et_pb_social_media_follow_network][\/et_pb_social_media_follow][\/et_pb_column][\/et_pb_row][\/et_pb_section]<\/p>\n","protected":false},"excerpt":{"rendered":"<p>Le microscope dentaire aidera \u00e0 agrandir l&rsquo;image de 2 \u00e0 40 fois, montrer l&rsquo;image 3D. La cam\u00e9ra est mont\u00e9e dans l&rsquo;appareil. Elle alimente l&rsquo;image sur l&rsquo;ordinateur, ce qui permet: de prendre des photos interm\u00e9diaires, de recevoir des conseils de coll\u00e8gues dans le processus de travail, de former des stagiaires. Lorsque vous utilisez un microscope, le [&hellip;]<\/p>\n","protected":false},"author":190,"featured_media":0,"parent":0,"menu_order":0,"comment_status":"closed","ping_status":"closed","template":"page-template-blank.php","meta":{"_et_pb_use_builder":"on","_et_pb_old_content":"","_et_gb_content_width":"","footnotes":""},"class_list":["post-1350","page","type-page","status-publish","hentry"],"_links":{"self":[{"href":"https:\/\/microscope-dentist.com\/fr\/wp-json\/wp\/v2\/pages\/1350","targetHints":{"allow":["GET"]}}],"collection":[{"href":"https:\/\/microscope-dentist.com\/fr\/wp-json\/wp\/v2\/pages"}],"about":[{"href":"https:\/\/microscope-dentist.com\/fr\/wp-json\/wp\/v2\/types\/page"}],"author":[{"embeddable":true,"href":"https:\/\/microscope-dentist.com\/fr\/wp-json\/wp\/v2\/users\/190"}],"replies":[{"embeddable":true,"href":"https:\/\/microscope-dentist.com\/fr\/wp-json\/wp\/v2\/comments?post=1350"}],"version-history":[{"count":10,"href":"https:\/\/microscope-dentist.com\/fr\/wp-json\/wp\/v2\/pages\/1350\/revisions"}],"predecessor-version":[{"id":1525,"href":"https:\/\/microscope-dentist.com\/fr\/wp-json\/wp\/v2\/pages\/1350\/revisions\/1525"}],"wp:attachment":[{"href":"https:\/\/microscope-dentist.com\/fr\/wp-json\/wp\/v2\/media?parent=1350"}],"curies":[{"name":"wp","href":"https:\/\/api.w.org\/{rel}","templated":true}]}}