{"id":1537,"date":"2020-05-27T16:30:20","date_gmt":"2020-05-27T14:30:20","guid":{"rendered":"https:\/\/microscope-dentist.com\/fr\/?page_id=1537"},"modified":"2020-07-20T10:30:44","modified_gmt":"2020-07-20T08:30:44","slug":"conditions-generales-pour-les-cours-en-ligne","status":"publish","type":"page","link":"https:\/\/microscope-dentist.com\/fr\/conditions-generales-pour-les-cours-en-ligne\/","title":{"rendered":"Conditions G\u00e9n\u00e9rales Pour les Cours en Ligne"},"content":{"rendered":"<p>[et_pb_section fb_built=\u00a0\u00bb1&Prime; _builder_version=\u00a0\u00bb4.4.1&Prime;][et_pb_row _builder_version=\u00a0\u00bb4.4.1&Prime;][et_pb_column type=\u00a0\u00bb4_4&Prime; _builder_version=\u00a0\u00bb4.4.1&Prime;][et_pb_text _builder_version=\u00a0\u00bb4.4.1&Prime; text_font=\u00a0\u00bbPoppins|500|||||||\u00a0\u00bb hover_enabled=\u00a0\u00bb0&Prime;]<\/p>\n<p><span style=\"text-decoration: underline;\"><b>Conditions g\u00e9n\u00e9rales et termes d&rsquo;utilisation des Cours en Ligne\u00a0<\/b><\/span><\/p>\n<p><span style=\"font-weight: 400;\">Conditions d&rsquo;achat standard des cours en ligne<\/span><\/p>\n<p><span style=\"font-weight: 400;\">Les pr\u00e9sentes conditions g\u00e9n\u00e9rales et termes s&rsquo;appliquent aux services fournis par la soci\u00e9t\u00e9 <\/span><b>nom \/ ADRESSE (<\/b><span style=\"font-weight: 400;\">\u201cMicroscope Dentist\u201d ou \u201cnous\u201d ou \u201cnotre\u201d).<\/span><\/p>\n<p><span style=\"font-weight: 400;\">Vous pouvez nous contacter par courri\u00e9l <\/span><a href=\"mailto:microscope.dentist@gmail.com\"><span style=\"font-weight: 400;\">microscope.dentist@gmail.com<\/span><\/a><\/p>\n<p><span style=\"font-weight: 400;\">Les pr\u00e9sentes conditions s&rsquo;appliquent \u00e0 la vente du cours en ligne. Veuillez lire attentivement ces termes et conditions avant d&rsquo;acheter un cours<\/span><\/p>\n<p><span style=\"font-weight: 400;\">Lorsque vous effectuez des achats sur notre site en cliquant sur le bouton \u00ab\u00a0Continuer\u00a0\u00bb, vous acceptez les termes du pr\u00e9sent contrat.\u00a0 Si vous n&rsquo;acceptez pas ces termes et conditions, vous ne devez pas continuer le processus d&rsquo;achat des services sur notre site.<\/span><\/p>\n<ol>\n<li><b> D\u00e9finitions<\/b><\/li>\n<\/ol>\n<p><span style=\"font-weight: 400;\">\u00ab\u00a0Informations confidentielles\u00a0\u00bb d\u00e9signe les informations fournies par une partie \u00e0 l&rsquo;autre partie, sous forme \u00e9crite, graphique, enregistr\u00e9e, lisible par machine ou autre, concernant les affaires, les clients, les finances et d&rsquo;autres domaines d&rsquo;activit\u00e9 ou produits de l&rsquo;autre partie, y compris, mais sans s&rsquo;y limiter, le mat\u00e9riel de cours, et n&rsquo;y incluant pas les informations accessibles au public.\u00a0 Sauf si l&rsquo;information doit \u00eatre divulgu\u00e9e par un tribunal ou un organisme de r\u00e9glementation, ou si l&rsquo;information est d\u00e9j\u00e0 en possession ou sous le contr\u00f4le de la partie divulguante.\u00a0<\/span><\/p>\n<p><span style=\"font-weight: 400;\">\u00ab\u00a0Mat\u00e9riel de cours\u00a0\u00bb d\u00e9signe les informations fournies par Microscope Dentist pour accompagner un cours fourni dans le cadre des services, sous forme imprim\u00e9e ou \u00e9lectronique.\u00a0<\/span><\/p>\n<p><span style=\"font-weight: 400;\">\u00ab\u00a0Paiement\u00a0\u00bb correspond\u00a0 \u00e0 l&rsquo;argent que vous avez pay\u00e9 \u00e0 Microscope Dentist pour les services fournis.\u00a0<\/span><\/p>\n<p><span style=\"font-weight: 400;\">\u00ab\u00a0Droits de propri\u00e9t\u00e9 intellectuelle \u00a0\u00bb d\u00e9signe le droit d&rsquo;auteur, les droits de base de donn\u00e9es ou associ\u00e9s, les droits de brevet, les droits d&rsquo;ex\u00e9cution, les dessins et mod\u00e8les et les dessins et mod\u00e8les enregistr\u00e9s, les marques commerciales, les droits sur les informations confidentielles ou connexes et d&rsquo;autres droits de propri\u00e9t\u00e9 intellectuelle (enregistr\u00e9s ou non enregistr\u00e9s) dans le monde entier.\u00a0<\/span><\/p>\n<p><span style=\"font-weight: 400;\">\u00ab\u00a0Cours en ligne\u00a0\u00bb signifie un cours en ligne que nous fournissons et dans le cadre duequel vous \u00e9tudiez le contenu du cours \u00e0 distance.\u00a0<\/span><\/p>\n<p><span style=\"font-weight: 400;\">Le terme \u00ab\u00a0services\u00a0\u00bb d\u00e9signe la fourniture d&rsquo;un cours en ligne et\/ou de mat\u00e9riel de cours, ainsi que d&rsquo;autres services, qui sont convenus et achet\u00e9s de temps \u00e0 autre par vous via le site Web et\/ou par courrier \u00e9lectronique.\u00a0<\/span><\/p>\n<p><span style=\"font-weight: 400;\">Le \u00absite web\u00bb signifie <\/span><a href=\"about:blank\"><span style=\"font-weight: 400;\">https:\/\/microscope-dentist.com<\/span><\/a><span style=\"font-weight: 400;\">, <\/span><a href=\"https:\/\/microscope-dentist.com\/ru\/\"><span style=\"font-weight: 400;\">https:\/\/microscope-dentist.com\/ru\/<\/span><\/a><span style=\"font-weight: 400;\">,<\/span><a href=\"https:\/\/microscope-dentist.com\/fr\/\"><span style=\"font-weight: 400;\"> https:\/\/microscope-dentist.com\/fr\/<\/span><\/a><\/p>\n<p><span style=\"font-weight: 400;\">\u00ab\u00a0Vous\u00a0\u00bb signifie notre client, ibid.la personne qui ach\u00e8te les services.<\/span><\/p>\n<ol start=\"2\">\n<li><b> Services<\/b><\/li>\n<\/ol>\n<p><span style=\"font-weight: 400;\">2.1. La description des services ainsi que les dates de d\u00e9but et de fin des courses sont disponibles sur notre site Web.\u00a0\u00a0<\/span><\/p>\n<p><span style=\"font-weight: 400;\">2.2. Nous nous r\u00e9servons le droit de modifier ou de r\u00e9voquer tout service d\u00e9crit sur le site sans pr\u00e9avis supplementaire.<\/span><\/p>\n<p><span style=\"font-weight: 400;\">2.3 Nous nous attendons \u00e0 ce que vous confirmiez que les services que vous achetez r\u00e9pondent \u00e0 vos besoins.\u00a0 Nous ne vous garantissons pas que vous obtiendrez un certain r\u00e9sultat, une qualification professionnelle ou une opportunit\u00e9 d&#8217;emploi en achetant et en compl\u00e9tant l&rsquo;un des services.<\/span><\/p>\n<ol start=\"3\">\n<li><b> Commande de services<\/b><\/li>\n<\/ol>\n<p><b>Achat de services via le site Web\u00a0<\/b><\/p>\n<p><span style=\"font-weight: 400;\">3.1. Apr\u00e8s avoir achet\u00e9 l&rsquo;un de nos services en ligne, vous devez entrer vos informations requises lors de connexion pour acc\u00e9der \u00e0 votre compte sur le site.\u00a0 Vous pouvez vous connecter \u00e0 votre compte en utilisant votre nom d&rsquo;usager et votre mot de passe. Vous recevrez automatiquement vos informations d&rsquo;identification \u00e0 l&rsquo;adresse courri\u00e8l que vous avez fournie lors de l&rsquo;achat.<\/span><\/p>\n<p><b>Achat de services par courri\u00e8l\u00a0\u00a0<\/b><\/p>\n<p><span style=\"font-weight: 400;\">3.2. Pour acheter le service par courri\u00e8l, s&rsquo;il vous pla\u00eet \u00e9crivez une lettre courri\u00e8l \u00e0 l&rsquo;adresse ci-indiqu\u00e9e: <\/span><a href=\"mailto:microscope.dentist@gmail.com\"><span style=\"font-weight: 400;\">microscope.dentist@gmail.com <\/span><\/a><span style=\"font-weight: 400;\">. Vous devez vous inscrire pour obtenir un compte aupr\u00e8s de nous afin d&rsquo;acc\u00e9der \u00e0 votre cours en ligne.<\/span><\/p>\n<p><span style=\"font-weight: 400;\">3.3. Lorsque vous passez une commande pour un service via le site Web ou par courrier \u00e9lectronique, vous consentez d&rsquo;acheter les services propos\u00e9s conform\u00e9ment aux pr\u00e9sentes Conditions g\u00e9n\u00e9rales.\u00a0 La \u00ab\u00a0Microscope Dentist\u00a0\u00bb se r\u00e9serve le droit d&rsquo;annuler ou de refuser votre commande ou toute partie de celle-ci \u00e0 tout moment jusqu&rsquo;\u00e0 ce qu&rsquo;elle soit confirm\u00e9e conform\u00e9ment au paragraphe 3.5 ci-dessous.<\/span><\/p>\n<p><span style=\"font-weight: 400;\">3.4. Une fois que nous avons re\u00e7u votre commande de services via le site Web ou par courri\u00e8l, vous recevrez automatiquement une confirmation.<\/span><\/p>\n<p><span style=\"font-weight: 400;\">3.5. Le contrat juridiquement contraignant entre nous et vous entrera en vigueur lorsque:<\/span><\/p>\n<p><span style=\"font-weight: 400;\">(a) l&rsquo;offre d&rsquo;achat de nos services a \u00e9t\u00e9 accept\u00e9e en vous envoyant un courri\u00e8l de confirmation d&rsquo;achat;\u00a0<\/span><\/p>\n<p><span style=\"font-weight: 400;\">et<\/span><\/p>\n<p><span style=\"font-weight: 400;\">(b) le paiement des frais correspondants a \u00e9t\u00e9 re\u00e7u de votre part conform\u00e9ment au paragraphe 5 ci-dessous.<\/span><\/p>\n<ol start=\"4\">\n<li><b> Annulation et modification<\/b><\/li>\n<\/ol>\n<p><span style=\"font-weight: 400;\">4.1. Conform\u00e9ment \u00e0 l&rsquo;article 4.2 ci-dessous, si nous avons accept\u00e9 \/confirm\u00e9 votre commande des services que vous achetez et nous avons conclu avec vous un accord juridiquement contraignant conform\u00e9ment \u00e0 l&rsquo;article 3.5 ci-dessus, vous n&rsquo;\u00eates pas autoris\u00e9 \u00e0 annuler l&rsquo;achat des services pour votre propre initiative.\u00a0<\/span><\/p>\n<p><span style=\"font-weight: 400;\">4.2. Toute annulation et \/ ou modification des conditions d&rsquo;achat sera \u00e0 la seule discr\u00e9tion de Microscope Dentist.<\/span><\/p>\n<ol start=\"5\">\n<li><b> Paiement<\/b><\/li>\n<\/ol>\n<p><span style=\"font-weight: 400;\">5.1. Le paiement pour les services soit effectu\u00e9 dans le montant indiqu\u00e9 sur le site au moment o\u00f9 vous passez la commande la-bas.\u00a0<\/span><\/p>\n<p><span style=\"font-weight: 400;\">5.2. Sauf indication contraire au moment de l&rsquo;achat des services, les frais y figurant\u00a0 ne comprennent pas la TVA ou d&rsquo;autres taxes locales.\u00a0\u00a0<\/span><\/p>\n<p><span style=\"font-weight: 400;\">5.3. Le paiement pour le service que vous avez choisi sur le site Web ou achet\u00e9 par courri\u00e8l\u00a0 sera d\u00e9bit\u00e9 de votre carte de cr\u00e9dit \/ d\u00e9bit au moment de l&rsquo;achat.\u00a0 Les frais soient pay\u00e9s en totalit\u00e9 avant d&rsquo;acc\u00e9der au cours en ligne.<\/span><\/p>\n<p><span style=\"font-weight: 400;\">5.4. Tous les frais factur\u00e9s par votre fournisseur de cartes de d\u00e9bit ou de cr\u00e9dit pour l&rsquo;achat des services sont factur\u00e9s sur votre propre compte et Microscope Dentist n&rsquo;en est aucunement responsable.<\/span><\/p>\n<ol start=\"6\">\n<li><b> Propri\u00e9t\u00e9 intellectuelle<\/b><\/li>\n<\/ol>\n<p><span style=\"font-weight: 400;\">6.1. Tous les droits de propri\u00e9t\u00e9 intellectuelle concernant les cours en ligne sont et restent toujours la propri\u00e9t\u00e9 intellectuelle de Microscope Dentist ou de ses conc\u00e9dants, independemment sur le fait que ces cours soient adapt\u00e9s et\/ou \u00e9crits pour le client individuel ou non.<\/span><\/p>\n<p><span style=\"font-weight: 400;\">6.2. Vous n&rsquo;\u00eates pas autoris\u00e9:de<\/span><\/p>\n<p><span style=\"font-weight: 400;\">(i) copier, modifier, reproduire, republier, sous-licencier, vendre, t\u00e9l\u00e9charger, diffuser, publier, transmettre ou distribuer tout mat\u00e9riel de cours sans l&rsquo;autorisation \u00e9crite pr\u00e9alable de Microscope Dentist;<\/span><\/p>\n<p><span style=\"font-weight: 400;\">(ii) enregistrer sur une cassette vid\u00e9o ou audio, retransmettre un cours en ligne par vid\u00e9ophone ou par d&rsquo;autres moyens;<\/span><\/p>\n<p><span style=\"font-weight: 400;\">(iii) utiliser le mat\u00e9riel du cours dans la fourniture de tout autre cours ou formation, que ce soit les cours fournis par nous ou par un formateur tiers;<\/span><\/p>\n<p><span style=\"font-weight: 400;\">(iv) supprimer tout droit d&rsquo;auteur de Microscope Dentist du contenu du cours;<\/span><\/p>\n<p><span style=\"font-weight: 400;\">(v) modifier, adapter, combiner, traduire, d\u00e9sassembler, d\u00e9composer tout mat\u00e9riel inclus dans les cours en ligne.<\/span><\/p>\n<p><span style=\"font-weight: 400;\">Une violation de votre part de ce paragraphe 6.2 nous forcera de r\u00e9silier imm\u00e9diatement les pr\u00e9sentes conditions g\u00e9n\u00e9rales et de cesser de vous fournir tout service, y compris, mais sans s&rsquo;y limiter, l&rsquo;acc\u00e8s aux cours en ligne, sans aucune compensation de la part de Microscope Dentist pour les cours en ligne ou les services connexes.\u00a0<\/span><\/p>\n<p><span style=\"font-weight: 400;\">6.3. Compte tenu des frais que vous avez pay\u00e9s, nous vous accordons une licence limit\u00e9e, non transf\u00e9rable et non exclusive pour utiliser le mat\u00e9riel de cours et le logiciel en relation avec le cours en ligne dans le seul but d&rsquo;obtenir cette formation et de compl\u00e9ter le cours en ligne.<\/span><\/p>\n<ol start=\"7\">\n<li><b> Confidentialit\u00e9<\/b><\/li>\n<\/ol>\n<p><span style=\"font-weight: 400;\">7.1. Chaque partie des presentes gardera les informations confidentielles de l&rsquo;autre partie strictement confidentielles et s&rsquo;oblige de ne les utiliser pas autrement qu&rsquo;aux fins des pr\u00e9sentes conditions, aussi bien que de les d\u00e9truire \u00e0 la demande n&rsquo;en retenant de toute sorte copies.<\/span><\/p>\n<p><span style=\"font-weight: 400;\">7.2. L&rsquo;une ou l&rsquo;autre des parties peut divulguer des informations confidentielles \u00e0 ses conseillers juridiques et autres pour obtenir des conseils de leur part.<\/span><\/p>\n<p><span style=\"font-weight: 400;\">7.3. Le pr\u00e9sent paragraphe restera en vigueur ind\u00e9pendamment de la r\u00e9siliation des pr\u00e9sentes conditions g\u00e9n\u00e9rales.<\/span><\/p>\n<ol start=\"8\">\n<li><b> R\u00e9siliation \/ annulation du contrat<\/b><\/li>\n<\/ol>\n<p><span style=\"font-weight: 400;\">8.1. Nous serons en droit de r\u00e9silier ces conditions et termes g\u00e9n\u00e9rales et de cesser de vous fournir des services avec effet imm\u00e9diat dans le cas si vous:<\/span><\/p>\n<ol>\n<li><span style=\"font-weight: 400;\"> n&rsquo;auriez pas pay\u00e9 pour l&rsquo;utilisation du cours;<\/span><\/li>\n<li><span style=\"font-weight: 400;\"> enfreignez les pr\u00e9sentes conditions g\u00e9n\u00e9rales.<\/span><\/li>\n<\/ol>\n<p><span style=\"font-weight: 400;\">8.2. En cas de r\u00e9siliation du contrat, les paragraphes 6 (droits de propri\u00e9t\u00e9 intellectuelle) et 7 (confidentialit\u00e9) restent en vigueur ind\u00e9pendamment de la r\u00e9siliation du contrat.<\/span><\/p>\n<ol start=\"9\">\n<li><b> Destination<\/b><\/li>\n<\/ol>\n<p><span style=\"font-weight: 400;\">Tous les services que nous fournissons en vertu des pr\u00e9sentes Conditions g\u00e9n\u00e9rales et termes sont destin\u00e9s personnelement pour vous et ne peuvent \u00eatre transf\u00e9r\u00e9s ou transf\u00e9r\u00e9s \u00e0 aucune autre personne.<\/span><\/p>\n<p><span style=\"font-weight: 400;\">Nous pouvons d\u00e9signer, transf\u00e9rer tous nos droits ou obligations \u00e0 un tiers \u00e0 notre seule discr\u00e9tion.<\/span><\/p>\n<ol start=\"10\">\n<li><b> Accord complet de ce contrat<\/b><\/li>\n<\/ol>\n<p><span style=\"font-weight: 400;\">Les pr\u00e9sentes conditions g\u00e9n\u00e9rales et termes constituent un accord complet entre les parties et remplacent tout accord ou arrangement ant\u00e9rieur, qu&rsquo;ils soient \u00e9crit ou oral. Vous reconnaissez que vous ne vous \u00eates pas fi\u00e9 \u00e0 aucune garantie lorsque vous avez conclu avec nous les pr\u00e9sentes conditions g\u00e9n\u00e9rales et les autres conditions g\u00e9n\u00e9rales.\u00a0 Rien dans le pr\u00e9sent paragraphe ou dans ces conditions g\u00e9n\u00e9rales et termes ne limite la responsabilit\u00e9 pour tout type de fausses donn\u00e9es\u00a0 ou d\u00e9claration frauduleuse.<\/span><\/p>\n<ol start=\"11\">\n<li><b> Protection des donn\u00e9es<\/b><\/li>\n<\/ol>\n<p><span style=\"font-weight: 400;\">11.1 La nature des services que nous fournissons signifie que nous recevrons, utiliserons et divulguerons certaines informations vous concernant (les\u00a0\u00bbdonn\u00e9es\u00a0\u00bb). Ce paragraphe d\u00e9crit les principes r\u00e9gissant notre utilisation des donn\u00e9es. En achetant les services, vous acceptez une telle utilisation.<\/span><\/p>\n<p><span style=\"font-weight: 400;\">11.2 Lorsque vous vous inscrivez sur notre site, vous devrez fournir certaines donn\u00e9es, telles que vos coordonn\u00e9es et vos informations d\u00e9mographiques. Nous garderons ces donn\u00e9es et les utiliserons pour vous contacter, vous fournir des informations d\u00e9taill\u00e9es sur les cours que vous avez achet\u00e9s.<\/span><\/p>\n<p><span style=\"font-weight: 400;\">11.3 Afin que nous puissions suivre et am\u00e9liorer le train de nos services, nous recueillons certaines informations agr\u00e9g\u00e9es vous concernant, y compris votre syst\u00e8me op\u00e9rationnel, la version du navigateur, le nom de domaine et l&rsquo;adresse IP, l&rsquo;URL \u00e0 partir de laquelle vous acc\u00e9dez au site Web.<\/span><\/p>\n<p><span style=\"font-weight: 400;\">11.4. Nous utilisons des informations telles que votre identifiant d&rsquo;utilisateur, vos identifiants de session et votre mot de passe pour d\u00e9terminer si vous utilisez nos services, vous aider \u00e0 fournir les services et vous permettre d&rsquo;acc\u00e9der aux produits pertinents. Nous utiliserons les fichiers via l&rsquo;interaction de votre navigateur Web avec notre site Web.<\/span><\/p>\n<p><span style=\"font-weight: 400;\">11.5. Nos produits puissent faire r\u00e9f\u00e9rence \u00e0 des sites Web tiers et nous ne sommes pas responsables de leurs politiques ou proc\u00e9dures de transfert de donn\u00e9es ou de leur contenu.<\/span><\/p>\n<p><span style=\"font-weight: 400;\">11.6. La \u00ab\u00a0Microscope Dentist\u00a0\u00bb s&rsquo;efforce de prendre toutes les mesures raisonnables pour prot\u00e9ger vos donn\u00e9es personnelles, y compris l&rsquo;utilisation de la technologie de cryptage, mais nous ne pouvons garantir la s\u00e9curit\u00e9 des donn\u00e9es que vous divulguez. Vous acceptez toutes les cons\u00e9quences de ce que vous effectuez des op\u00e9rations en ligne et confirmez que vous \u00eates responsable de toute violation de s\u00e9curit\u00e9.<\/span><\/p>\n<p><span style=\"font-weight: 400;\">11.7. Si vous souhaitez modifier ou mettre \u00e0 jour les donn\u00e9es que nous conservons \u00e0 votre sujet, veuillez nous envoyer un courriel au <\/span><a href=\"mailto:microscope.dentist@gmail.com\"><span style=\"font-weight: 400;\">microscope.dentist@gmail.com<\/span><\/a><\/p>\n<ol start=\"12\">\n<li><b> L\u00e9gislation et comp\u00e9tence juridique<\/b><\/li>\n<\/ol>\n<p><span style=\"font-weight: 400;\">Le pr\u00e9sent accord est r\u00e9gi par la l\u00e9gislation UE \/ Suisse alors ses parties sont soumises \u00e0 la juridiction exclusive de l&rsquo;UE.\u00a0<\/span><\/p>\n<p><span style=\"font-weight: 400;\">Les tribunaux de l&rsquo;UE et de la Suisse se prononcent sur tout litige en vertu du pr\u00e9sent contract.<\/span><\/p>\n<ol start=\"13\">\n<li><b> Notifications<\/b><\/li>\n<\/ol>\n<p><span style=\"font-weight: 400;\">Vous pouvez nous contacter de la mani\u00e8re suivante:<\/span><\/p>\n<p><span style=\"font-weight: 400;\">Courri\u00e8l: microscope.dentist@gmail.com<\/span><\/p>\n<p>[\/et_pb_text][\/et_pb_column][\/et_pb_row][\/et_pb_section]<\/p>\n","protected":false},"excerpt":{"rendered":"<p>Conditions g\u00e9n\u00e9rales et termes d&rsquo;utilisation des Cours en Ligne\u00a0 Conditions d&rsquo;achat standard des cours en ligne Les pr\u00e9sentes conditions g\u00e9n\u00e9rales et termes s&rsquo;appliquent aux services fournis par la soci\u00e9t\u00e9 nom \/ ADRESSE (\u201cMicroscope Dentist\u201d ou \u201cnous\u201d ou \u201cnotre\u201d). Vous pouvez nous contacter par courri\u00e9l microscope.dentist@gmail.com Les pr\u00e9sentes conditions s&rsquo;appliquent \u00e0 la vente du cours en [&hellip;]<\/p>\n","protected":false},"author":190,"featured_media":0,"parent":0,"menu_order":0,"comment_status":"closed","ping_status":"closed","template":"","meta":{"_et_pb_use_builder":"on","_et_pb_old_content":"","_et_gb_content_width":"","footnotes":""},"class_list":["post-1537","page","type-page","status-publish","hentry"],"_links":{"self":[{"href":"https:\/\/microscope-dentist.com\/fr\/wp-json\/wp\/v2\/pages\/1537","targetHints":{"allow":["GET"]}}],"collection":[{"href":"https:\/\/microscope-dentist.com\/fr\/wp-json\/wp\/v2\/pages"}],"about":[{"href":"https:\/\/microscope-dentist.com\/fr\/wp-json\/wp\/v2\/types\/page"}],"author":[{"embeddable":true,"href":"https:\/\/microscope-dentist.com\/fr\/wp-json\/wp\/v2\/users\/190"}],"replies":[{"embeddable":true,"href":"https:\/\/microscope-dentist.com\/fr\/wp-json\/wp\/v2\/comments?post=1537"}],"version-history":[{"count":4,"href":"https:\/\/microscope-dentist.com\/fr\/wp-json\/wp\/v2\/pages\/1537\/revisions"}],"predecessor-version":[{"id":1569,"href":"https:\/\/microscope-dentist.com\/fr\/wp-json\/wp\/v2\/pages\/1537\/revisions\/1569"}],"wp:attachment":[{"href":"https:\/\/microscope-dentist.com\/fr\/wp-json\/wp\/v2\/media?parent=1537"}],"curies":[{"name":"wp","href":"https:\/\/api.w.org\/{rel}","templated":true}]}}